{"id":23357,"date":"2023-02-22T09:31:08","date_gmt":"2023-02-22T08:31:08","guid":{"rendered":"https:\/\/www.wildplakatierung.com\/pagina-de-inicio\/"},"modified":"2023-02-22T09:35:32","modified_gmt":"2023-02-22T08:35:32","slug":"pagina-de-inicio","status":"publish","type":"page","link":"https:\/\/www.wildplakatierung.com\/es\/","title":{"rendered":"P\u00e1gina de inicio"},"content":{"rendered":"<div class=\"wpb-content-wrapper\"><p>[vc_row row_type=\u00bbrow\u00bb use_row_as_full_screen_section=\u00bbno\u00bb type=\u00bbfull_width\u00bb anchor=\u00bbque-es-el-wild-posting\u00bb text_align=\u00bbleft\u00bb background_animation=\u00bbnone\u00bb css_animation=\u00bb\u00bb bwd_show_when_date=\u00bb__\/__\/____ __:__\u00bb bwd_show_when_date_end=\u00bb__\/__\/____ __:__\u00bb][vc_column][vc_row_inner row_type=\u00bbrow\u00bb type=\u00bbgrid\u00bb use_row_as_full_screen_section_slide=\u00bbno\u00bb text_align=\u00bbleft\u00bb padding_top=\u00bb80&#8243; padding_bottom=\u00bb0&#8243; css_animation=\u00bb\u00bb bwd_show_when_date=\u00bb__\/__\/____ __:__\u00bb bwd_show_when_date_end=\u00bb__\/__\/____ __:__\u00bb][vc_column_inner][vc_column_text]<\/p>\n<h1>\u00bfQu\u00e9 es el wild posting?<\/h1>\n<p>[\/vc_column_text][\/vc_column_inner][\/vc_row_inner][vc_row_inner row_type=\u00bbrow\u00bb type=\u00bbgrid\u00bb use_row_as_full_screen_section_slide=\u00bbno\u00bb text_align=\u00bbleft\u00bb padding_top=\u00bb30&#8243; padding_bottom=\u00bb70&#8243; css_animation=\u00bb\u00bb bwd_show_when_date=\u00bb__\/__\/____ __:__\u00bb bwd_show_when_date_end=\u00bb__\/__\/____ __:__\u00bb][vc_column_inner width=\u00bb1\/2&#8243;][vc_column_text]El wild posting es una forma de carteler\u00eda en la que se pegan carteles o adhesivos de vinilo en fachadas, paredes, pilares, vallas, paradas de autob\u00fas y otras superficies urbanas. As\u00ed, su mensaje publicitario llama la atenci\u00f3n y est\u00e1 directamente visible para un gran p\u00fablico. Puesto que el wildposting es \u00absalvaje\u00bb y los carteles est\u00e1n pegados en superficies no autorizadas, a primera vista los costes parecen reducidos.[\/vc_column_text][vc_separator type=\u00bbtransparent\u00bb border_style=\u00bb\u00bb up=\u00bb10&#8243; down=\u00bb0&#8243;][\/vc_column_inner][vc_column_inner width=\u00bb1\/2&#8243;][vc_column_text]Sin embargo, si su motivo est\u00e1 pegado de manera salvaje en superficies publicitarias no autorizadas, no durar\u00e1 mucho, ya que ser\u00e1 r\u00e1pidamente recubierto o retirado. El wild posting no est\u00e1 reconocido como forma oficial de publicidad, pero es un fen\u00f3meno muy repartido en metr\u00f3polis como Nueva York, Par\u00eds o Berl\u00edn para atraer la atenci\u00f3n a corto plazo sobre un producto o evento.[\/vc_column_text][vc_separator type=\u00bbtransparent\u00bb border_style=\u00bb\u00bb up=\u00bb10&#8243; down=\u00bb0&#8243;][\/vc_column_inner][\/vc_row_inner][\/vc_column][\/vc_row][vc_row row_type=\u00bbrow\u00bb use_row_as_full_screen_section=\u00bbno\u00bb type=\u00bbfull_width\u00bb anchor=\u00bblegal-o-no\u00bb text_align=\u00bbleft\u00bb background_animation=\u00bbnone\u00bb css_animation=\u00bb\u00bb background_color=\u00bb#3a4750&#8243; bwd_show_when_date=\u00bb__\/__\/____ __:__\u00bb bwd_show_when_date_end=\u00bb__\/__\/____ __:__\u00bb el_class=\u00bbtext-white\u00bb][vc_column][vc_row_inner row_type=\u00bbrow\u00bb type=\u00bbgrid\u00bb use_row_as_full_screen_section_slide=\u00bbno\u00bb text_align=\u00bbleft\u00bb padding_top=\u00bb80&#8243; padding_bottom=\u00bb0&#8243; css_animation=\u00bb\u00bb bwd_show_when_date=\u00bb__\/__\/____ __:__\u00bb bwd_show_when_date_end=\u00bb__\/__\/____ __:__\u00bb][vc_column_inner][vc_column_text]<\/p>\n<h1>\u00bfLegal o no?<\/h1>\n<p>[\/vc_column_text][\/vc_column_inner][\/vc_row_inner][vc_row_inner row_type=\u00bbrow\u00bb type=\u00bbgrid\u00bb use_row_as_full_screen_section_slide=\u00bbno\u00bb text_align=\u00bbleft\u00bb padding_top=\u00bb30&#8243; padding_bottom=\u00bb30&#8243; css_animation=\u00bb\u00bb bwd_show_when_date=\u00bb__\/__\/____ __:__\u00bb bwd_show_when_date_end=\u00bb__\/__\/____ __:__\u00bb][vc_column_inner width=\u00bb1\/2&#8243;][vc_column_text]Al igual que el arte callejero y los grafitis, el wild posting tambi\u00e9n goza del encanto de lo prohibido. Sin embargo, el wild posting es ilegal seg\u00fan la legislaci\u00f3n alemana y puede constituir un delito de da\u00f1os a la propiedad seg\u00fan el art\u00edculo 303 del StGB (C\u00f3digo Penal alem\u00e1n), que puede acarrear una pena de prisi\u00f3n de hasta dos a\u00f1os y una multa de hasta 5.000 \u20ac. As\u00ed, adem\u00e1s de un posible procedimiento de investigaci\u00f3n penal, el wild posting tambi\u00e9n conlleva responsabilidad civil.[\/vc_column_text][vc_separator type=\u00bbtransparent\u00bb border_style=\u00bb\u00bb up=\u00bb10&#8243; down=\u00bb0&#8243;][\/vc_column_inner][vc_column_inner width=\u00bb1\/2&#8243;][vc_column_text]Aunque a las denominadas agencias de wildposting suelen incluir el riesgo en la letra peque\u00f1a, debe saber que en la mayor\u00eda de los casos es usted como cliente quien es plenamente responsable, no la agencia encargada, y que seg\u00fan el art\u00edculo 823 del C\u00f3digo Civil alem\u00e1n (BGB) tiene que correr con los gastos de limpieza, as\u00ed como con los costes de advertencia y judiciales y las consecuencias civiles. De esta manera, una campa\u00f1a tentadoramente barata puede convertirse r\u00e1pidamente en un placer corto y, sobre todo, caro, con graves consecuencias.[\/vc_column_text][vc_separator type=\u00bbtransparent\u00bb border_style=\u00bb\u00bb up=\u00bb10&#8243; down=\u00bb0&#8243;][\/vc_column_inner][\/vc_row_inner][vc_row_inner row_type=\u00bbrow\u00bb type=\u00bbgrid\u00bb use_row_as_full_screen_section_slide=\u00bbno\u00bb text_align=\u00bbleft\u00bb padding_top=\u00bb0&#8243; padding_bottom=\u00bb70&#8243; css_animation=\u00bb\u00bb bwd_show_when_date=\u00bb__\/__\/____ __:__\u00bb bwd_show_when_date_end=\u00bb__\/__\/____ __:__\u00bb][vc_column_inner width=\u00bb1\/3&#8243;][vc_separator type=\u00bbtransparent\u00bb border_style=\u00bb\u00bb up=\u00bb70&#8243; down=\u00bb0&#8243;]<div class=\"q_box_holder with_icon\" style=\"\"><div class=\"box_holder_icon\"><div class=\"box_holder_icon_inner medium circle \" style=\"\"><div class=\"icon_holder_inner\"><span class=\"fa-stack fa-3x  custom-font\" style=\"color: #303841;background-color: #eeeeee;\"><i class=\"icon_text_icon fa fa-clock-o fa-stack-1x\"><\/i><\/span><\/div><\/div><\/div><div class=\"box_holder_inner medium center\"><h4 class=\"icon_title\" style=\"\"><\/h4><p style=\"color: #eeeeee\">Por t\u00e9rmino medio, un motivo pegado como wild posting en un buen emplazamiento en Berl\u00edn s\u00f3lo permanece colgado entre 0,5 y 2 horas antes de que otro medio est\u00e1 pegado por encima o que el leg\u00edtimo propietario de las superficies lo retire.<\/p><\/div><\/div>[vc_separator type=\u00bbtransparent\u00bb border_style=\u00bb\u00bb up=\u00bb10&#8243; down=\u00bb0&#8243;][\/vc_column_inner][vc_column_inner width=\u00bb1\/3&#8243;][vc_separator type=\u00bbtransparent\u00bb border_style=\u00bb\u00bb up=\u00bb70&#8243; down=\u00bb0&#8243;]<div class=\"q_box_holder with_icon\" style=\"\"><div class=\"box_holder_icon\"><div class=\"box_holder_icon_inner medium circle \" style=\"\"><div class=\"icon_holder_inner\"><span class=\"fa-stack fa-3x  custom-font\" style=\"color: #303841;background-color: #eeeeee;\"><i class=\"icon_text_icon fa fa-trash fa-stack-1x\"><\/i><\/span><\/div><\/div><\/div><div class=\"box_holder_inner medium center\"><h4 class=\"icon_title\" style=\"\"><\/h4><p style=\"color: #eeeeee\">Si carteles colocados de manera ilegal en zonas sujetas a la ley de la publicidad, estos carteles ser\u00e1n retirados generalmente al cabo de 24-48 horas y se cobrar\u00e1 una tasa.<\/p><\/div><\/div>[\/vc_column_inner][vc_column_inner width=\u00bb1\/3&#8243;][vc_separator type=\u00bbtransparent\u00bb border_style=\u00bb\u00bb up=\u00bb70&#8243; down=\u00bb0&#8243;]<div class=\"q_box_holder with_icon\" style=\"\"><div class=\"box_holder_icon\"><div class=\"box_holder_icon_inner medium circle \" style=\"\"><div class=\"icon_holder_inner\"><span class=\"fa-stack fa-3x  custom-font\" style=\"color: #303841;background-color: #eeeeee;\"><i class=\"icon_text_icon fa fa-euro fa-stack-1x\"><\/i><\/span><\/div><\/div><\/div><div class=\"box_holder_inner medium center\"><h4 class=\"icon_title\" style=\"\"><\/h4><p style=\"color: #eeeeee\">La limpieza le costar\u00e1 una media de 90 euros\/m\u00b2. Para grandes superficies, los costes ascienden r\u00e1pidamente a cuatro cifras. Con este presupuesto, sus motivos podr\u00edan quedar colgados en una superficie legal durante 14 d\u00edas.<\/p><\/div><\/div>[\/vc_column_inner][\/vc_row_inner][\/vc_column][\/vc_row][vc_row row_type=\u00bbparallax\u00bb text_align=\u00bbleft\u00bb background_image=\u00bb22007&#8243; full_screen_section_height=\u00bbno\u00bb section_height=\u00bb365&#8243; parallax_speed=\u00bb0&#8243; css=\u00bb.vc_custom_1673005617145{background-color: #3a4750 !important;}\u00bb bwd_show_when_date=\u00bb01\/01\/2023 01:00&#8243; bwd_show_when_date_end=\u00bb__\/__\/____ __:__\u00bb][vc_column][\/vc_column][\/vc_row][vc_row row_type=\u00bbrow\u00bb use_row_as_full_screen_section=\u00bbno\u00bb type=\u00bbfull_width\u00bb anchor=\u00bbwild-posting-en-berlin\u00bb text_align=\u00bbleft\u00bb background_animation=\u00bbnone\u00bb css_animation=\u00bb\u00bb background_color=\u00bb#ffffff\u00bb bwd_show_when_date=\u00bb__\/__\/____ __:__\u00bb bwd_show_when_date_end=\u00bb__\/__\/____ __:__\u00bb][vc_column][vc_row_inner row_type=\u00bbrow\u00bb type=\u00bbgrid\u00bb use_row_as_full_screen_section_slide=\u00bbno\u00bb text_align=\u00bbleft\u00bb padding_top=\u00bb80&#8243; padding_bottom=\u00bb0&#8243; css_animation=\u00bb\u00bb background_color=\u00bb#ffffff\u00bb bwd_show_when_date=\u00bb__\/__\/____ __:__\u00bb bwd_show_when_date_end=\u00bb__\/__\/____ __:__\u00bb][vc_column_inner][vc_column_text]<\/p>\n<h1>Wild posting en Berl\u00edn<\/h1>\n<p>[\/vc_column_text][\/vc_column_inner][\/vc_row_inner][vc_row_inner row_type=\u00bbrow\u00bb type=\u00bbgrid\u00bb use_row_as_full_screen_section_slide=\u00bbno\u00bb text_align=\u00bbcenter\u00bb padding_top=\u00bb30&#8243; padding_bottom=\u00bb70&#8243; css_animation=\u00bb\u00bb bwd_show_when_date=\u00bb__\/__\/____ __:__\u00bb bwd_show_when_date_end=\u00bb__\/__\/____ __:__\u00bb][vc_column_inner][vc_column_text]<\/p>\n<p>Una metr\u00f3polis como Berl\u00edn, en particular, ofrece a su motivo publicitario un tel\u00f3n de fondo perfecto en innumerables sitios. En Berl\u00edn no hay zonas legales para el wild posting. Sin embargo, hay muchas superficies que puede reservar de manera legal y que consiguen exactamente el efecto que usted desea para su producto o evento. Conocemos todas estas ubicaciones en Berl\u00edn y podemos ayudarle a hacer visible su motivo justo all\u00ed donde se encuentre su grupo objetivo. De forma legal, directa y sin mucho papeleo ni costes ocultos.<\/p>\n<p>[\/vc_column_text][vc_separator type=\u00bbtransparent\u00bb border_style=\u00bb\u00bb up=\u00bb20&#8243; down=\u00bb0&#8243;]<a href=\"https:\/\/www.mihai.de\/es\/wildposting\/\" target=\"_self\"  class=\"qbutton  big_large qbutton_with_icon\" style=\"\">Lo prefiero legal<i class=\"qode_icon_font_awesome fa fa-angle-right button_icon\" style=\"\" ><\/i><\/a>[vc_separator type=\u00bbtransparent\u00bb border_style=\u00bb\u00bb up=\u00bb10&#8243; down=\u00bb0&#8243;][\/vc_column_inner][\/vc_row_inner][\/vc_column][\/vc_row]<\/p>\n<\/div>","protected":false},"excerpt":{"rendered":"<p>[vc_row row_type=\u00bbrow\u00bb use_row_as_full_screen_section=\u00bbno\u00bb type=\u00bbfull_width\u00bb anchor=\u00bbque-es-el-wild-posting\u00bb text_align=\u00bbleft\u00bb background_animation=\u00bbnone\u00bb css_animation=\u00bb\u00bb bwd_show_when_date=\u00bb__\/__\/____ __:__\u00bb bwd_show_when_date_end=\u00bb__\/__\/____ __:__\u00bb][vc_column][vc_row_inner row_type=\u00bbrow\u00bb type=\u00bbgrid\u00bb use_row_as_full_screen_section_slide=\u00bbno\u00bb text_align=\u00bbleft\u00bb padding_top=\u00bb80&#8243; padding_bottom=\u00bb0&#8243; css_animation=\u00bb\u00bb bwd_show_when_date=\u00bb__\/__\/____ __:__\u00bb bwd_show_when_date_end=\u00bb__\/__\/____ __:__\u00bb][vc_column_inner][vc_column_text] \u00bfQu\u00e9 es el wild posting? [\/vc_column_text][\/vc_column_inner][\/vc_row_inner][vc_row_inner row_type=\u00bbrow\u00bb type=\u00bbgrid\u00bb use_row_as_full_screen_section_slide=\u00bbno\u00bb text_align=\u00bbleft\u00bb padding_top=\u00bb30&#8243; padding_bottom=\u00bb70&#8243; css_animation=\u00bb\u00bb bwd_show_when_date=\u00bb__\/__\/____ __:__\u00bb bwd_show_when_date_end=\u00bb__\/__\/____ __:__\u00bb][vc_column_inner width=\u00bb1\/2&#8243;][vc_column_text]El wild posting es una&#8230;<\/p>\n","protected":false},"author":1,"featured_media":0,"parent":0,"menu_order":0,"comment_status":"open","ping_status":"open","template":"full_width.php","meta":{"inline_featured_image":false,"footnotes":""},"class_list":["post-23357","page","type-page","status-publish","hentry"],"yoast_head":"<!-- This site is optimized with the Yoast SEO plugin v27.4 - https:\/\/yoast.com\/product\/yoast-seo-wordpress\/ -->\n<title>Wild posting en Berl\u00edn<\/title>\n<meta name=\"description\" content=\"El wild posting es una forma de carteler\u00eda en la que se pegan carteles o adhesivos de vinilo en superficies urbanas.\" \/>\n<meta name=\"robots\" content=\"index, follow, max-snippet:-1, max-image-preview:large, max-video-preview:-1\" \/>\n<link rel=\"canonical\" href=\"https:\/\/www.wildplakatierung.com\/es\/\" \/>\n<meta property=\"og:locale\" content=\"es_ES\" \/>\n<meta property=\"og:type\" content=\"article\" \/>\n<meta property=\"og:title\" content=\"Wild posting en Berl\u00edn\" \/>\n<meta property=\"og:description\" content=\"El wild posting es una forma de carteler\u00eda en la que se pegan carteles o adhesivos de vinilo en superficies urbanas.\" \/>\n<meta property=\"og:url\" content=\"https:\/\/www.wildplakatierung.com\/es\/\" \/>\n<meta property=\"og:site_name\" content=\"Wildplakatierung\" \/>\n<meta property=\"article:publisher\" content=\"https:\/\/www.facebook.com\/mihai.gmbh\" \/>\n<meta property=\"article:modified_time\" content=\"2023-02-22T08:35:32+00:00\" \/>\n<meta name=\"twitter:card\" content=\"summary_large_image\" \/>\n<meta name=\"twitter:label1\" content=\"Tiempo de lectura\" \/>\n\t<meta name=\"twitter:data1\" content=\"4 minutos\" \/>\n<script type=\"application\/ld+json\" class=\"yoast-schema-graph\">{\"@context\":\"https:\\\/\\\/schema.org\",\"@graph\":[{\"@type\":\"WebPage\",\"@id\":\"https:\\\/\\\/www.wildplakatierung.com\\\/es\\\/\",\"url\":\"https:\\\/\\\/www.wildplakatierung.com\\\/es\\\/\",\"name\":\"Wild posting en Berl\u00edn\",\"isPartOf\":{\"@id\":\"https:\\\/\\\/www.wildplakatierung.com\\\/es\\\/#website\"},\"datePublished\":\"2023-02-22T08:31:08+00:00\",\"dateModified\":\"2023-02-22T08:35:32+00:00\",\"description\":\"El wild posting es una forma de carteler\u00eda en la que se pegan carteles o adhesivos de vinilo en superficies urbanas.\",\"breadcrumb\":{\"@id\":\"https:\\\/\\\/www.wildplakatierung.com\\\/es\\\/#breadcrumb\"},\"inLanguage\":\"es\",\"potentialAction\":[{\"@type\":\"ReadAction\",\"target\":[\"https:\\\/\\\/www.wildplakatierung.com\\\/es\\\/\"]}]},{\"@type\":\"BreadcrumbList\",\"@id\":\"https:\\\/\\\/www.wildplakatierung.com\\\/es\\\/#breadcrumb\",\"itemListElement\":[{\"@type\":\"ListItem\",\"position\":1,\"name\":\"Startseite\",\"item\":\"https:\\\/\\\/www.wildplakatierung.com\\\/es\\\/\"},{\"@type\":\"ListItem\",\"position\":2,\"name\":\"P\u00e1gina de inicio\"}]},{\"@type\":\"WebSite\",\"@id\":\"https:\\\/\\\/www.wildplakatierung.com\\\/es\\\/#website\",\"url\":\"https:\\\/\\\/www.wildplakatierung.com\\\/es\\\/\",\"name\":\"Wildplakatierung\",\"description\":\"\",\"potentialAction\":[{\"@type\":\"SearchAction\",\"target\":{\"@type\":\"EntryPoint\",\"urlTemplate\":\"https:\\\/\\\/www.wildplakatierung.com\\\/es\\\/?s={search_term_string}\"},\"query-input\":{\"@type\":\"PropertyValueSpecification\",\"valueRequired\":true,\"valueName\":\"search_term_string\"}}],\"inLanguage\":\"es\"}]}<\/script>\n<!-- \/ Yoast SEO plugin. -->","yoast_head_json":{"title":"Wild posting en Berl\u00edn","description":"El wild posting es una forma de carteler\u00eda en la que se pegan carteles o adhesivos de vinilo en superficies urbanas.","robots":{"index":"index","follow":"follow","max-snippet":"max-snippet:-1","max-image-preview":"max-image-preview:large","max-video-preview":"max-video-preview:-1"},"canonical":"https:\/\/www.wildplakatierung.com\/es\/","og_locale":"es_ES","og_type":"article","og_title":"Wild posting en Berl\u00edn","og_description":"El wild posting es una forma de carteler\u00eda en la que se pegan carteles o adhesivos de vinilo en superficies urbanas.","og_url":"https:\/\/www.wildplakatierung.com\/es\/","og_site_name":"Wildplakatierung","article_publisher":"https:\/\/www.facebook.com\/mihai.gmbh","article_modified_time":"2023-02-22T08:35:32+00:00","twitter_card":"summary_large_image","twitter_misc":{"Tiempo de lectura":"4 minutos"},"schema":{"@context":"https:\/\/schema.org","@graph":[{"@type":"WebPage","@id":"https:\/\/www.wildplakatierung.com\/es\/","url":"https:\/\/www.wildplakatierung.com\/es\/","name":"Wild posting en Berl\u00edn","isPartOf":{"@id":"https:\/\/www.wildplakatierung.com\/es\/#website"},"datePublished":"2023-02-22T08:31:08+00:00","dateModified":"2023-02-22T08:35:32+00:00","description":"El wild posting es una forma de carteler\u00eda en la que se pegan carteles o adhesivos de vinilo en superficies urbanas.","breadcrumb":{"@id":"https:\/\/www.wildplakatierung.com\/es\/#breadcrumb"},"inLanguage":"es","potentialAction":[{"@type":"ReadAction","target":["https:\/\/www.wildplakatierung.com\/es\/"]}]},{"@type":"BreadcrumbList","@id":"https:\/\/www.wildplakatierung.com\/es\/#breadcrumb","itemListElement":[{"@type":"ListItem","position":1,"name":"Startseite","item":"https:\/\/www.wildplakatierung.com\/es\/"},{"@type":"ListItem","position":2,"name":"P\u00e1gina de inicio"}]},{"@type":"WebSite","@id":"https:\/\/www.wildplakatierung.com\/es\/#website","url":"https:\/\/www.wildplakatierung.com\/es\/","name":"Wildplakatierung","description":"","potentialAction":[{"@type":"SearchAction","target":{"@type":"EntryPoint","urlTemplate":"https:\/\/www.wildplakatierung.com\/es\/?s={search_term_string}"},"query-input":{"@type":"PropertyValueSpecification","valueRequired":true,"valueName":"search_term_string"}}],"inLanguage":"es"}]}},"_links":{"self":[{"href":"https:\/\/www.wildplakatierung.com\/es\/wp-json\/wp\/v2\/pages\/23357","targetHints":{"allow":["GET"]}}],"collection":[{"href":"https:\/\/www.wildplakatierung.com\/es\/wp-json\/wp\/v2\/pages"}],"about":[{"href":"https:\/\/www.wildplakatierung.com\/es\/wp-json\/wp\/v2\/types\/page"}],"author":[{"embeddable":true,"href":"https:\/\/www.wildplakatierung.com\/es\/wp-json\/wp\/v2\/users\/1"}],"replies":[{"embeddable":true,"href":"https:\/\/www.wildplakatierung.com\/es\/wp-json\/wp\/v2\/comments?post=23357"}],"version-history":[{"count":5,"href":"https:\/\/www.wildplakatierung.com\/es\/wp-json\/wp\/v2\/pages\/23357\/revisions"}],"predecessor-version":[{"id":23362,"href":"https:\/\/www.wildplakatierung.com\/es\/wp-json\/wp\/v2\/pages\/23357\/revisions\/23362"}],"wp:attachment":[{"href":"https:\/\/www.wildplakatierung.com\/es\/wp-json\/wp\/v2\/media?parent=23357"}],"curies":[{"name":"wp","href":"https:\/\/api.w.org\/{rel}","templated":true}]}}