{"id":23310,"date":"2023-01-20T19:26:27","date_gmt":"2023-01-20T18:26:27","guid":{"rendered":"https:\/\/www.wildplakatierung.com\/page-daccueil\/"},"modified":"2023-01-23T10:54:51","modified_gmt":"2023-01-23T09:54:51","slug":"page-daccueil","status":"publish","type":"page","link":"https:\/\/www.wildplakatierung.com\/fr\/","title":{"rendered":"Page d&rsquo;accueil"},"content":{"rendered":"<div class=\"wpb-content-wrapper\"><p>[vc_row row_type=\u00a0\u00bbrow\u00a0\u00bb use_row_as_full_screen_section=\u00a0\u00bbno\u00a0\u00bb type=\u00a0\u00bbfull_width\u00a0\u00bb anchor=\u00a0\u00bba-propos\u00a0\u00bb text_align=\u00a0\u00bbleft\u00a0\u00bb background_animation=\u00a0\u00bbnone\u00a0\u00bb css_animation=\u00a0\u00bb\u00a0\u00bb bwd_show_when_date=\u00a0\u00bb__\/__\/____ __:__\u00a0\u00bb bwd_show_when_date_end=\u00a0\u00bb__\/__\/____ __:__\u00a0\u00bb][vc_column][vc_row_inner row_type=\u00a0\u00bbrow\u00a0\u00bb type=\u00a0\u00bbgrid\u00a0\u00bb use_row_as_full_screen_section_slide=\u00a0\u00bbno\u00a0\u00bb text_align=\u00a0\u00bbleft\u00a0\u00bb padding_top=\u00a0\u00bb80&Prime; padding_bottom=\u00a0\u00bb0&Prime; css_animation=\u00a0\u00bb\u00a0\u00bb bwd_show_when_date=\u00a0\u00bb__\/__\/____ __:__\u00a0\u00bb bwd_show_when_date_end=\u00a0\u00bb__\/__\/____ __:__\u00a0\u00bb][vc_column_inner][vc_column_text]<\/p>\n<h1>L&rsquo;affichage sauvage \u2013 c&rsquo;est quoi?<\/h1>\n<p>[\/vc_column_text][\/vc_column_inner][\/vc_row_inner][vc_row_inner row_type=\u00a0\u00bbrow\u00a0\u00bb type=\u00a0\u00bbgrid\u00a0\u00bb use_row_as_full_screen_section_slide=\u00a0\u00bbno\u00a0\u00bb text_align=\u00a0\u00bbleft\u00a0\u00bb padding_top=\u00a0\u00bb30&Prime; padding_bottom=\u00a0\u00bb70&Prime; css_animation=\u00a0\u00bb\u00a0\u00bb bwd_show_when_date=\u00a0\u00bb__\/__\/____ __:__\u00a0\u00bb bwd_show_when_date_end=\u00a0\u00bb__\/__\/____ __:__\u00a0\u00bb][vc_column_inner width=\u00a0\u00bb1\/2&Prime;][vc_column_text]L&rsquo;affichage sauvage est la forme d&rsquo;affichage qui consiste \u00e0 coller des affiches ou des autocollants en vinyle sur les fa\u00e7ades, les murs, les piliers, les cl\u00f4tures, les arr\u00eats de bus ou autres surfaces urbaines. Ainsi, votre message publicitaire attire l&rsquo;attention des passants et est rendu directement visible \u00e0 un large public. Comme l&rsquo;affichage est soi-disant \u00ab sauvage \u00bb et que les affiches sont coll\u00e9es sur des surfaces non autoris\u00e9es, \u00e0 premi\u00e8re vue, les co\u00fbts paraissent moins \u00e9lev\u00e9s.[\/vc_column_text][vc_separator type=\u00a0\u00bbtransparent\u00a0\u00bb border_style=\u00a0\u00bb\u00a0\u00bb up=\u00a0\u00bb10&Prime; down=\u00a0\u00bb0&Prime;][\/vc_column_inner][vc_column_inner width=\u00a0\u00bb1\/2&Prime;][vc_column_text]N\u00e9anmoins, si votre motif est affich\u00e9 de mani\u00e8re sauvage sur des surfaces publicitaires non autoris\u00e9es, \u00e7a ne sera pas de longue dur\u00e9e car il sera rapidement sur-affich\u00e9 ou retir\u00e9. L&rsquo;affichage sauvage n&rsquo;est pas reconnu comme une forme officielle de publicit\u00e9, mais c\u2019est un ph\u00e9nom\u00e8ne tr\u00e8s r\u00e9pandu dans les m\u00e9tropoles comme New York, Paris ou Berlin pour attirer l&rsquo;attention \u00e0 court terme sur un produit ou un \u00e9v\u00e9nement.[\/vc_column_text][vc_separator type=\u00a0\u00bbtransparent\u00a0\u00bb border_style=\u00a0\u00bb\u00a0\u00bb up=\u00a0\u00bb10&Prime; down=\u00a0\u00bb0&Prime;][\/vc_column_inner][\/vc_row_inner][\/vc_column][\/vc_row][vc_row row_type=\u00a0\u00bbrow\u00a0\u00bb use_row_as_full_screen_section=\u00a0\u00bbno\u00a0\u00bb type=\u00a0\u00bbfull_width\u00a0\u00bb anchor=\u00a0\u00bblegal-ou-pas\u00a0\u00bb text_align=\u00a0\u00bbleft\u00a0\u00bb background_animation=\u00a0\u00bbnone\u00a0\u00bb css_animation=\u00a0\u00bb\u00a0\u00bb background_color=\u00a0\u00bb#3a4750&Prime; bwd_show_when_date=\u00a0\u00bb__\/__\/____ __:__\u00a0\u00bb bwd_show_when_date_end=\u00a0\u00bb__\/__\/____ __:__\u00a0\u00bb el_class=\u00a0\u00bbtext-white\u00a0\u00bb][vc_column][vc_row_inner row_type=\u00a0\u00bbrow\u00a0\u00bb type=\u00a0\u00bbgrid\u00a0\u00bb use_row_as_full_screen_section_slide=\u00a0\u00bbno\u00a0\u00bb text_align=\u00a0\u00bbleft\u00a0\u00bb padding_top=\u00a0\u00bb80&Prime; padding_bottom=\u00a0\u00bb0&Prime; css_animation=\u00a0\u00bb\u00a0\u00bb bwd_show_when_date=\u00a0\u00bb__\/__\/____ __:__\u00a0\u00bb bwd_show_when_date_end=\u00a0\u00bb__\/__\/____ __:__\u00a0\u00bb][vc_column_inner][vc_column_text]<\/p>\n<h1>L\u00e9gal ou pas?<\/h1>\n<p>[\/vc_column_text][\/vc_column_inner][\/vc_row_inner][vc_row_inner row_type=\u00a0\u00bbrow\u00a0\u00bb type=\u00a0\u00bbgrid\u00a0\u00bb use_row_as_full_screen_section_slide=\u00a0\u00bbno\u00a0\u00bb text_align=\u00a0\u00bbleft\u00a0\u00bb padding_top=\u00a0\u00bb30&Prime; padding_bottom=\u00a0\u00bb30&Prime; css_animation=\u00a0\u00bb\u00a0\u00bb bwd_show_when_date=\u00a0\u00bb__\/__\/____ __:__\u00a0\u00bb bwd_show_when_date_end=\u00a0\u00bb__\/__\/____ __:__\u00a0\u00bb][vc_column_inner width=\u00a0\u00bb1\/2&Prime;][vc_column_text]Comme pour le street art et les graffitis, la sc\u00e8ne de l&rsquo;affichage sauvage jouit de l&rsquo;attrait de l&rsquo;interdit. Mais l&rsquo;affichage sauvage est ill\u00e9gal selon le droit allemand et peut constituer, en vertu du \u00a7 303 StGB (code p\u00e9nal), une d\u00e9gradation de biens punissable avec une peine d&#8217;emprisonnement de deux ans maximum et une amende pouvant se monter jusqu\u2019 \u00e0 5000 \u20ac. Ainsi, en plus d&rsquo;une \u00e9ventuelle proc\u00e9dure p\u00e9nale, l&rsquo;affichage sauvage engage \u00e9galement la responsabilit\u00e9 civile.[\/vc_column_text][vc_separator type=\u00a0\u00bbtransparent\u00a0\u00bb border_style=\u00a0\u00bb\u00a0\u00bb up=\u00a0\u00bb10&Prime; down=\u00a0\u00bb0&Prime;][\/vc_column_inner][vc_column_inner width=\u00a0\u00bb1\/2&Prime;][vc_column_text]Bien que les soi-disant agences d\u2019affichage sauvage aiment faire figurer le risque dans les petits caract\u00e8res, sachez que, dans la plupart des cas, ce n&rsquo;est pas l&rsquo;agence mandat\u00e9e, mais vous, en tant que client, qui \u00eates enti\u00e8rement responsable. Conform\u00e9ment au \u00a7 823 BGB (code civil), les frais de nettoyage, de mise en garde et de justice vous incomberont et vous serez confront\u00e9 aux cons\u00e9quences civiles. Ainsi, une campagne s\u00e9duisante et peu co\u00fbteuse peut rapidement se transformer en un plaisir bref et surtout co\u00fbteux avec de graves cons\u00e9quences.[\/vc_column_text][vc_separator type=\u00a0\u00bbtransparent\u00a0\u00bb border_style=\u00a0\u00bb\u00a0\u00bb up=\u00a0\u00bb10&Prime; down=\u00a0\u00bb0&Prime;][\/vc_column_inner][\/vc_row_inner][vc_row_inner row_type=\u00a0\u00bbrow\u00a0\u00bb type=\u00a0\u00bbgrid\u00a0\u00bb use_row_as_full_screen_section_slide=\u00a0\u00bbno\u00a0\u00bb text_align=\u00a0\u00bbleft\u00a0\u00bb padding_top=\u00a0\u00bb0&Prime; padding_bottom=\u00a0\u00bb70&Prime; css_animation=\u00a0\u00bb\u00a0\u00bb bwd_show_when_date=\u00a0\u00bb__\/__\/____ __:__\u00a0\u00bb bwd_show_when_date_end=\u00a0\u00bb__\/__\/____ __:__\u00a0\u00bb][vc_column_inner width=\u00a0\u00bb1\/3&Prime;][vc_separator type=\u00a0\u00bbtransparent\u00a0\u00bb border_style=\u00a0\u00bb\u00a0\u00bb up=\u00a0\u00bb70&Prime; down=\u00a0\u00bb0&Prime;]<div class=\"q_box_holder with_icon\" style=\"\"><div class=\"box_holder_icon\"><div class=\"box_holder_icon_inner medium circle \" style=\"\"><div class=\"icon_holder_inner\"><span class=\"fa-stack fa-3x  custom-font\" style=\"color: #303841;background-color: #eeeeee;\"><i class=\"icon_text_icon fa fa-clock-o fa-stack-1x\"><\/i><\/span><\/div><\/div><\/div><div class=\"box_holder_inner medium center\"><h4 class=\"icon_title\" style=\"\"><\/h4><p style=\"color: #eeeeee\">A Berlin, un motif affich\u00e9 de mani\u00e8re sauvage sur des surfaces bien plac\u00e9es ne reste en place qu'environ une demi-heure \u00e0 2 heures en moyenne, avant d'\u00eatre sur-affich\u00e9 ou retir\u00e9 par le propri\u00e9taire l\u00e9gitime des surfaces.<\/p><\/div><\/div>[vc_separator type=\u00a0\u00bbtransparent\u00a0\u00bb border_style=\u00a0\u00bb\u00a0\u00bb up=\u00a0\u00bb10&Prime; down=\u00a0\u00bb0&Prime;][\/vc_column_inner][vc_column_inner width=\u00a0\u00bb1\/3&Prime;][vc_separator type=\u00a0\u00bbtransparent\u00a0\u00bb border_style=\u00a0\u00bb\u00a0\u00bb up=\u00a0\u00bb70&Prime; down=\u00a0\u00bb0&Prime;]<div class=\"q_box_holder with_icon\" style=\"\"><div class=\"box_holder_icon\"><div class=\"box_holder_icon_inner medium circle \" style=\"\"><div class=\"icon_holder_inner\"><span class=\"fa-stack fa-3x  custom-font\" style=\"color: #303841;background-color: #eeeeee;\"><i class=\"icon_text_icon fa fa-trash fa-stack-1x\"><\/i><\/span><\/div><\/div><\/div><div class=\"box_holder_inner medium center\"><h4 class=\"icon_title\" style=\"\"><\/h4><p style=\"color: #eeeeee\">Si des affiches sont appos\u00e9es de mani\u00e8re illicite sur des surfaces soumises au droit de la publicit\u00e9, ces affiches sont g\u00e9n\u00e9ralement enlev\u00e9es au bout de 24 \u00e0 48 heures, g\u00e9n\u00e9rant des frais.<\/p><\/div><\/div>[\/vc_column_inner][vc_column_inner width=\u00a0\u00bb1\/3&Prime;][vc_separator type=\u00a0\u00bbtransparent\u00a0\u00bb border_style=\u00a0\u00bb\u00a0\u00bb up=\u00a0\u00bb70&Prime; down=\u00a0\u00bb0&Prime;]<div class=\"q_box_holder with_icon\" style=\"\"><div class=\"box_holder_icon\"><div class=\"box_holder_icon_inner medium circle \" style=\"\"><div class=\"icon_holder_inner\"><span class=\"fa-stack fa-3x  custom-font\" style=\"color: #303841;background-color: #eeeeee;\"><i class=\"icon_text_icon fa fa-euro fa-stack-1x\"><\/i><\/span><\/div><\/div><\/div><div class=\"box_holder_inner medium center\"><h4 class=\"icon_title\" style=\"\"><\/h4><p style=\"color: #eeeeee\">Les frais de nettoyage se montent en moyenne \u00e0 90 \u20ac\/m\u00b2. Ainsi, pour de grandes surfaces, les co\u00fbts s\u2019accumulent et atteignent rapidement quatre chiffres. Avec ce budget, vos motifs pourraient \u00eatre affich\u00e9s sur une surface l\u00e9gale pendant 14 jours.<\/p><\/div><\/div>[vc_separator type=\u00a0\u00bbtransparent\u00a0\u00bb border_style=\u00a0\u00bb\u00a0\u00bb up=\u00a0\u00bb70&Prime; down=\u00a0\u00bb0&Prime;][\/vc_column_inner][\/vc_row_inner][\/vc_column][\/vc_row][vc_row row_type=\u00a0\u00bbparallax\u00a0\u00bb text_align=\u00a0\u00bbleft\u00a0\u00bb background_image=\u00a0\u00bb22007&Prime; full_screen_section_height=\u00a0\u00bbno\u00a0\u00bb section_height=\u00a0\u00bb365&Prime; parallax_speed=\u00a0\u00bb0&Prime; css=\u00a0\u00bb.vc_custom_1673005617145{background-color: #3a4750 !important;}\u00a0\u00bb bwd_show_when_date=\u00a0\u00bb01\/01\/2023 01:00&Prime; bwd_show_when_date_end=\u00a0\u00bb__\/__\/____ __:__\u00a0\u00bb][vc_column][\/vc_column][\/vc_row][vc_row row_type=\u00a0\u00bbrow\u00a0\u00bb use_row_as_full_screen_section=\u00a0\u00bbno\u00a0\u00bb type=\u00a0\u00bbfull_width\u00a0\u00bb anchor=\u00a0\u00bba-berlin\u00a0\u00bb text_align=\u00a0\u00bbleft\u00a0\u00bb background_animation=\u00a0\u00bbnone\u00a0\u00bb css_animation=\u00a0\u00bb\u00a0\u00bb background_color=\u00a0\u00bb#ffffff\u00a0\u00bb bwd_show_when_date=\u00a0\u00bb__\/__\/____ __:__\u00a0\u00bb bwd_show_when_date_end=\u00a0\u00bb__\/__\/____ __:__\u00a0\u00bb][vc_column][vc_row_inner row_type=\u00a0\u00bbrow\u00a0\u00bb type=\u00a0\u00bbgrid\u00a0\u00bb use_row_as_full_screen_section_slide=\u00a0\u00bbno\u00a0\u00bb text_align=\u00a0\u00bbleft\u00a0\u00bb padding_top=\u00a0\u00bb80&Prime; padding_bottom=\u00a0\u00bb0&Prime; css_animation=\u00a0\u00bb\u00a0\u00bb background_color=\u00a0\u00bb#ffffff\u00a0\u00bb bwd_show_when_date=\u00a0\u00bb__\/__\/____ __:__\u00a0\u00bb bwd_show_when_date_end=\u00a0\u00bb__\/__\/____ __:__\u00a0\u00bb][vc_column_inner][vc_column_text]<\/p>\n<h1>Affichage sauvage a Berlin<\/h1>\n<p>[\/vc_column_text][\/vc_column_inner][\/vc_row_inner][vc_row_inner row_type=\u00a0\u00bbrow\u00a0\u00bb type=\u00a0\u00bbgrid\u00a0\u00bb use_row_as_full_screen_section_slide=\u00a0\u00bbno\u00a0\u00bb text_align=\u00a0\u00bbcenter\u00a0\u00bb padding_top=\u00a0\u00bb30&Prime; padding_bottom=\u00a0\u00bb70&Prime; css_animation=\u00a0\u00bb\u00a0\u00bb bwd_show_when_date=\u00a0\u00bb__\/__\/____ __:__\u00a0\u00bb bwd_show_when_date_end=\u00a0\u00bb__\/__\/____ __:__\u00a0\u00bb][vc_column_inner][vc_column_text]Une m\u00e9tropole comme Berlin offre, tout particuli\u00e8rement, \u00e0 votre motif publicitaire, un d\u00e9cor parfait sur d&rsquo;innombrables sites. Les surfaces d&rsquo;affichage sauvage l\u00e9gales n\u2019existent pas \u00e0 Berlin. Mais il y a un grand nombre de surfaces publicitaires qui peuvent \u00eatre r\u00e9serv\u00e9es l\u00e9galement et qui offrent \u00e0 votre produit ou \u00e9v\u00e9nement l&rsquo;effet souhait\u00e9. Nous connaissons tous les emplacements \u00e0 Berlin et pouvons vous aider \u00e0 offrir un maximum de visibilit\u00e9 \u00e0 votre motif, l\u00e0 o\u00f9 se trouve votre groupe cible. L\u00e9galement, directement, et sans paperasse inutile ou frais cach\u00e9s.[\/vc_column_text][vc_separator type=\u00a0\u00bbtransparent\u00a0\u00bb border_style=\u00a0\u00bb\u00a0\u00bb up=\u00a0\u00bb20&Prime; down=\u00a0\u00bb0&Prime;]<a href=\"https:\/\/www.mihai.de\/fr\/affichagesauvage\/\" target=\"_self\"  class=\"qbutton  big_large qbutton_with_icon\" style=\"\">MONTREZ-MOI LA VOIE LEGALE<i class=\"qode_icon_font_awesome fa fa-angle-right button_icon\" style=\"\" ><\/i><\/a>[vc_separator type=\u00a0\u00bbtransparent\u00a0\u00bb border_style=\u00a0\u00bb\u00a0\u00bb up=\u00a0\u00bb10&Prime; down=\u00a0\u00bb0&Prime;][\/vc_column_inner][\/vc_row_inner][\/vc_column][\/vc_row]<\/p>\n<\/div>","protected":false},"excerpt":{"rendered":"<p>[vc_row row_type=\u00a0\u00bbrow\u00a0\u00bb use_row_as_full_screen_section=\u00a0\u00bbno\u00a0\u00bb type=\u00a0\u00bbfull_width\u00a0\u00bb anchor=\u00a0\u00bba-propos\u00a0\u00bb text_align=\u00a0\u00bbleft\u00a0\u00bb background_animation=\u00a0\u00bbnone\u00a0\u00bb css_animation=\u00a0\u00bb\u00a0\u00bb bwd_show_when_date=\u00a0\u00bb__\/__\/____ __:__\u00a0\u00bb bwd_show_when_date_end=\u00a0\u00bb__\/__\/____ __:__\u00a0\u00bb][vc_column][vc_row_inner row_type=\u00a0\u00bbrow\u00a0\u00bb type=\u00a0\u00bbgrid\u00a0\u00bb use_row_as_full_screen_section_slide=\u00a0\u00bbno\u00a0\u00bb text_align=\u00a0\u00bbleft\u00a0\u00bb padding_top=\u00a0\u00bb80&Prime; padding_bottom=\u00a0\u00bb0&Prime; css_animation=\u00a0\u00bb\u00a0\u00bb bwd_show_when_date=\u00a0\u00bb__\/__\/____ __:__\u00a0\u00bb bwd_show_when_date_end=\u00a0\u00bb__\/__\/____ __:__\u00a0\u00bb][vc_column_inner][vc_column_text] L&rsquo;affichage sauvage \u2013 c&rsquo;est quoi? [\/vc_column_text][\/vc_column_inner][\/vc_row_inner][vc_row_inner row_type=\u00a0\u00bbrow\u00a0\u00bb type=\u00a0\u00bbgrid\u00a0\u00bb use_row_as_full_screen_section_slide=\u00a0\u00bbno\u00a0\u00bb text_align=\u00a0\u00bbleft\u00a0\u00bb padding_top=\u00a0\u00bb30&Prime; padding_bottom=\u00a0\u00bb70&Prime; css_animation=\u00a0\u00bb\u00a0\u00bb bwd_show_when_date=\u00a0\u00bb__\/__\/____ __:__\u00a0\u00bb bwd_show_when_date_end=\u00a0\u00bb__\/__\/____ __:__\u00a0\u00bb][vc_column_inner width=\u00a0\u00bb1\/2&Prime;][vc_column_text]L&rsquo;affichage sauvage est la forme&#8230;<\/p>\n","protected":false},"author":1,"featured_media":0,"parent":0,"menu_order":0,"comment_status":"open","ping_status":"open","template":"full_width.php","meta":{"inline_featured_image":false,"footnotes":""},"class_list":["post-23310","page","type-page","status-publish","hentry"],"yoast_head":"<!-- This site is optimized with the Yoast SEO plugin v27.4 - https:\/\/yoast.com\/product\/yoast-seo-wordpress\/ -->\n<title>Affichage sauvage \u00e0 Berlin<\/title>\n<meta name=\"description\" content=\"L&#039;affichage sauvage est la forme d&#039;affichage qui consiste \u00e0 coller des affiches ou des autocollants en vinyle sur les surfaces urbaines.\" \/>\n<meta name=\"robots\" content=\"index, follow, max-snippet:-1, max-image-preview:large, max-video-preview:-1\" \/>\n<link rel=\"canonical\" href=\"https:\/\/www.wildplakatierung.com\/fr\/\" \/>\n<meta property=\"og:locale\" content=\"fr_FR\" \/>\n<meta property=\"og:type\" content=\"article\" \/>\n<meta property=\"og:title\" content=\"Affichage sauvage \u00e0 Berlin\" \/>\n<meta property=\"og:description\" content=\"L&#039;affichage sauvage est la forme d&#039;affichage qui consiste \u00e0 coller des affiches ou des autocollants en vinyle sur les surfaces urbaines.\" \/>\n<meta property=\"og:url\" content=\"https:\/\/www.wildplakatierung.com\/fr\/\" \/>\n<meta property=\"og:site_name\" content=\"Wildplakatierung\" \/>\n<meta property=\"article:publisher\" content=\"https:\/\/www.facebook.com\/mihai.gmbh\" \/>\n<meta property=\"article:modified_time\" content=\"2023-01-23T09:54:51+00:00\" \/>\n<meta name=\"twitter:card\" content=\"summary_large_image\" \/>\n<meta name=\"twitter:label1\" content=\"Dur\u00e9e de lecture estim\u00e9e\" \/>\n\t<meta name=\"twitter:data1\" content=\"4 minutes\" \/>\n<script type=\"application\/ld+json\" class=\"yoast-schema-graph\">{\"@context\":\"https:\\\/\\\/schema.org\",\"@graph\":[{\"@type\":\"WebPage\",\"@id\":\"https:\\\/\\\/www.wildplakatierung.com\\\/fr\\\/\",\"url\":\"https:\\\/\\\/www.wildplakatierung.com\\\/fr\\\/\",\"name\":\"Affichage sauvage \u00e0 Berlin\",\"isPartOf\":{\"@id\":\"https:\\\/\\\/www.wildplakatierung.com\\\/fr\\\/#website\"},\"datePublished\":\"2023-01-20T18:26:27+00:00\",\"dateModified\":\"2023-01-23T09:54:51+00:00\",\"description\":\"L'affichage sauvage est la forme d'affichage qui consiste \u00e0 coller des affiches ou des autocollants en vinyle sur les surfaces urbaines.\",\"breadcrumb\":{\"@id\":\"https:\\\/\\\/www.wildplakatierung.com\\\/fr\\\/#breadcrumb\"},\"inLanguage\":\"fr-FR\",\"potentialAction\":[{\"@type\":\"ReadAction\",\"target\":[\"https:\\\/\\\/www.wildplakatierung.com\\\/fr\\\/\"]}]},{\"@type\":\"BreadcrumbList\",\"@id\":\"https:\\\/\\\/www.wildplakatierung.com\\\/fr\\\/#breadcrumb\",\"itemListElement\":[{\"@type\":\"ListItem\",\"position\":1,\"name\":\"Startseite\",\"item\":\"https:\\\/\\\/www.wildplakatierung.com\\\/fr\\\/\"},{\"@type\":\"ListItem\",\"position\":2,\"name\":\"Page d&#8217;accueil\"}]},{\"@type\":\"WebSite\",\"@id\":\"https:\\\/\\\/www.wildplakatierung.com\\\/fr\\\/#website\",\"url\":\"https:\\\/\\\/www.wildplakatierung.com\\\/fr\\\/\",\"name\":\"Wildplakatierung\",\"description\":\"\",\"potentialAction\":[{\"@type\":\"SearchAction\",\"target\":{\"@type\":\"EntryPoint\",\"urlTemplate\":\"https:\\\/\\\/www.wildplakatierung.com\\\/fr\\\/?s={search_term_string}\"},\"query-input\":{\"@type\":\"PropertyValueSpecification\",\"valueRequired\":true,\"valueName\":\"search_term_string\"}}],\"inLanguage\":\"fr-FR\"}]}<\/script>\n<!-- \/ Yoast SEO plugin. -->","yoast_head_json":{"title":"Affichage sauvage \u00e0 Berlin","description":"L'affichage sauvage est la forme d'affichage qui consiste \u00e0 coller des affiches ou des autocollants en vinyle sur les surfaces urbaines.","robots":{"index":"index","follow":"follow","max-snippet":"max-snippet:-1","max-image-preview":"max-image-preview:large","max-video-preview":"max-video-preview:-1"},"canonical":"https:\/\/www.wildplakatierung.com\/fr\/","og_locale":"fr_FR","og_type":"article","og_title":"Affichage sauvage \u00e0 Berlin","og_description":"L'affichage sauvage est la forme d'affichage qui consiste \u00e0 coller des affiches ou des autocollants en vinyle sur les surfaces urbaines.","og_url":"https:\/\/www.wildplakatierung.com\/fr\/","og_site_name":"Wildplakatierung","article_publisher":"https:\/\/www.facebook.com\/mihai.gmbh","article_modified_time":"2023-01-23T09:54:51+00:00","twitter_card":"summary_large_image","twitter_misc":{"Dur\u00e9e de lecture estim\u00e9e":"4 minutes"},"schema":{"@context":"https:\/\/schema.org","@graph":[{"@type":"WebPage","@id":"https:\/\/www.wildplakatierung.com\/fr\/","url":"https:\/\/www.wildplakatierung.com\/fr\/","name":"Affichage sauvage \u00e0 Berlin","isPartOf":{"@id":"https:\/\/www.wildplakatierung.com\/fr\/#website"},"datePublished":"2023-01-20T18:26:27+00:00","dateModified":"2023-01-23T09:54:51+00:00","description":"L'affichage sauvage est la forme d'affichage qui consiste \u00e0 coller des affiches ou des autocollants en vinyle sur les surfaces urbaines.","breadcrumb":{"@id":"https:\/\/www.wildplakatierung.com\/fr\/#breadcrumb"},"inLanguage":"fr-FR","potentialAction":[{"@type":"ReadAction","target":["https:\/\/www.wildplakatierung.com\/fr\/"]}]},{"@type":"BreadcrumbList","@id":"https:\/\/www.wildplakatierung.com\/fr\/#breadcrumb","itemListElement":[{"@type":"ListItem","position":1,"name":"Startseite","item":"https:\/\/www.wildplakatierung.com\/fr\/"},{"@type":"ListItem","position":2,"name":"Page d&#8217;accueil"}]},{"@type":"WebSite","@id":"https:\/\/www.wildplakatierung.com\/fr\/#website","url":"https:\/\/www.wildplakatierung.com\/fr\/","name":"Wildplakatierung","description":"","potentialAction":[{"@type":"SearchAction","target":{"@type":"EntryPoint","urlTemplate":"https:\/\/www.wildplakatierung.com\/fr\/?s={search_term_string}"},"query-input":{"@type":"PropertyValueSpecification","valueRequired":true,"valueName":"search_term_string"}}],"inLanguage":"fr-FR"}]}},"_links":{"self":[{"href":"https:\/\/www.wildplakatierung.com\/fr\/wp-json\/wp\/v2\/pages\/23310","targetHints":{"allow":["GET"]}}],"collection":[{"href":"https:\/\/www.wildplakatierung.com\/fr\/wp-json\/wp\/v2\/pages"}],"about":[{"href":"https:\/\/www.wildplakatierung.com\/fr\/wp-json\/wp\/v2\/types\/page"}],"author":[{"embeddable":true,"href":"https:\/\/www.wildplakatierung.com\/fr\/wp-json\/wp\/v2\/users\/1"}],"replies":[{"embeddable":true,"href":"https:\/\/www.wildplakatierung.com\/fr\/wp-json\/wp\/v2\/comments?post=23310"}],"version-history":[{"count":29,"href":"https:\/\/www.wildplakatierung.com\/fr\/wp-json\/wp\/v2\/pages\/23310\/revisions"}],"predecessor-version":[{"id":23350,"href":"https:\/\/www.wildplakatierung.com\/fr\/wp-json\/wp\/v2\/pages\/23310\/revisions\/23350"}],"wp:attachment":[{"href":"https:\/\/www.wildplakatierung.com\/fr\/wp-json\/wp\/v2\/media?parent=23310"}],"curies":[{"name":"wp","href":"https:\/\/api.w.org\/{rel}","templated":true}]}}